{"id":12,"date":"2024-08-08T16:39:46","date_gmt":"2024-08-08T16:39:46","guid":{"rendered":"https:\/\/plantilla-7.arrendasoft.co\/?page_id=12"},"modified":"2024-09-02T15:52:46","modified_gmt":"2024-09-02T15:52:46","slug":"contact","status":"publish","type":"page","link":"https:\/\/grupoinmoweb.nuby.app\/?page_id=12","title":{"rendered":"Cont\u00e1ctenos"},"content":{"rendered":"\n[et_pb_section fb_built=\u00bb1&#8243; admin_label=\u00bbContact\u00bb _builder_version=\u00bb4.25.2&#8243; _module_preset=\u00bbdefault\u00bb background_enable_color=\u00bboff\u00bb locked=\u00bboff\u00bb global_colors_info=\u00bb{%22gcid-b6c4f12c-f25d-4f61-9fb1-6e96404634cd%22:%91%22background_color%22%93}\u00bb][et_pb_row _builder_version=\u00bb4.25.2&#8243; _module_preset=\u00bb1558413a-cabc-43ae-aee1-915e11673859&#8243; custom_padding=\u00bb||0px|||\u00bb global_colors_info=\u00bb{}\u00bb][et_pb_column type=\u00bb4_4&#8243; _builder_version=\u00bb4.25.2&#8243; _module_preset=\u00bbdefault\u00bb global_colors_info=\u00bb{}\u00bb][et_pb_heading title=\u00bbCont\u00e1ctenos\u00bb _builder_version=\u00bb4.26.0&#8243; _module_preset=\u00bb90e142ce-bc18-4c52-8803-8f57fece6c4f\u00bb custom_margin=\u00bb||10px||false|false\u00bb global_colors_info=\u00bb{}\u00bb][\/et_pb_heading][\/et_pb_column][\/et_pb_row][et_pb_row column_structure=\u00bb1_2,1_2&#8243; _builder_version=\u00bb4.26.0&#8243; _module_preset=\u00bb1558413a-cabc-43ae-aee1-915e11673859&#8243; global_colors_info=\u00bb{}\u00bb][et_pb_column type=\u00bb1_2&#8243; _builder_version=\u00bb4.25.2&#8243; _module_preset=\u00bbdefault\u00bb global_colors_info=\u00bb{}\u00bb][et_pb_text _builder_version=\u00bb4.27.0&#8243; _module_preset=\u00bbbdb43048-1d93-4e2d-9aec-4a1d8af54ddc\u00bb global_colors_info=\u00bb{}\u00bb]<p>Estamos disponibles para ayudarle con todas sus necesidades de compra y venta de casa de principio a fin. \u00a1P\u00f3ngase en contacto con nosotros para sus necesidades de bienes ra\u00edces, y esperamos construir una relaci\u00f3n duradera con usted!<\/p>[\/et_pb_text][et_pb_blurb title=\u00bbOficina\u00bb use_icon=\u00bbon\u00bb font_icon=\u00bb&#xf276;||fa||900&#8243; _builder_version=\u00bb4.26.0&#8243; _module_preset=\u00bb86fcbfab-c9c7-4196-8777-7a1fc7363609&#8243; global_colors_info=\u00bb{}\u00bb]<p>Medell\u00edn &#8211; Colombia<\/p>[\/et_pb_blurb][et_pb_blurb title=\u00bbLl\u00e1menos\u00bb use_icon=\u00bbon\u00bb font_icon=\u00bb&#xf10b;||fa||900&#8243; _builder_version=\u00bb4.26.0&#8243; _module_preset=\u00bb86fcbfab-c9c7-4196-8777-7a1fc7363609&#8243; global_colors_info=\u00bb{}\u00bb]<p>(604) 444 74 17<\/p>[\/et_pb_blurb][et_pb_blurb title=\u00bbCorreo electr\u00f3nico\u00bb use_icon=\u00bbon\u00bb font_icon=\u00bb&#xf658;||fa||900&#8243; _builder_version=\u00bb4.25.2&#8243; _module_preset=\u00bb86fcbfab-c9c7-4196-8777-7a1fc7363609&#8243; global_colors_info=\u00bb{}\u00bb]<p>ventas@arrendasoft.co<\/p>[\/et_pb_blurb][\/et_pb_column][et_pb_column type=\u00bb1_2&#8243; _builder_version=\u00bb4.26.0&#8243; _module_preset=\u00bb60d6f064-0aae-4aa5-a3fb-803fd66d43df\u00bb global_colors_info=\u00bb{}\u00bb][et_pb_contact_form captcha=\u00bboff\u00bb title=\u00bbSolicitar informaci\u00f3n\u00bb submit_button_text=\u00bbEnviar\u00bb _builder_version=\u00bb4.27.0&#8243; _module_preset=\u00bb2fe6d9e7-63c6-48c2-897f-d9eac8a92568&#8243; global_colors_info=\u00bb{%22gcid-b6c4f12c-f25d-4f61-9fb1-6e96404634cd%22:%91%22background_color%22%93,%22gcid-2ebbc52c-9ee6-4712-a077-fcaec9b98540%22:%91%22button_bg_color%22%93}\u00bb][et_pb_contact_field field_id=\u00bbNombre\u00bb field_title=\u00bbNombre\u00bb fullwidth_field=\u00bbon\u00bb _builder_version=\u00bb4.27.0&#8243; global_colors_info=\u00bb{}\u00bb button_text_size__hover_enabled=\u00bboff\u00bb button_one_text_size__hover_enabled=\u00bboff\u00bb button_two_text_size__hover_enabled=\u00bboff\u00bb button_text_color__hover_enabled=\u00bboff\u00bb button_one_text_color__hover_enabled=\u00bboff\u00bb button_two_text_color__hover_enabled=\u00bboff\u00bb button_border_width__hover_enabled=\u00bboff\u00bb button_one_border_width__hover_enabled=\u00bboff\u00bb button_two_border_width__hover_enabled=\u00bboff\u00bb button_border_color__hover_enabled=\u00bboff\u00bb button_one_border_color__hover_enabled=\u00bboff\u00bb button_two_border_color__hover_enabled=\u00bboff\u00bb button_border_radius__hover_enabled=\u00bboff\u00bb button_one_border_radius__hover_enabled=\u00bboff\u00bb button_two_border_radius__hover_enabled=\u00bboff\u00bb button_letter_spacing__hover_enabled=\u00bboff\u00bb button_one_letter_spacing__hover_enabled=\u00bboff\u00bb button_two_letter_spacing__hover_enabled=\u00bboff\u00bb button_bg_color__hover_enabled=\u00bboff\u00bb button_one_bg_color__hover_enabled=\u00bboff\u00bb button_two_bg_color__hover_enabled=\u00bboff\u00bb][\/et_pb_contact_field][et_pb_contact_field field_id=\u00bbCorreo_electr\u00f3nico\u00bb field_title=\u00bbCorreo electr\u00f3nico\u00bb field_type=\u00bbemail\u00bb fullwidth_field=\u00bbon\u00bb _builder_version=\u00bb4.27.0&#8243; global_colors_info=\u00bb{}\u00bb button_text_size__hover_enabled=\u00bboff\u00bb button_one_text_size__hover_enabled=\u00bboff\u00bb button_two_text_size__hover_enabled=\u00bboff\u00bb button_text_color__hover_enabled=\u00bboff\u00bb button_one_text_color__hover_enabled=\u00bboff\u00bb button_two_text_color__hover_enabled=\u00bboff\u00bb button_border_width__hover_enabled=\u00bboff\u00bb button_one_border_width__hover_enabled=\u00bboff\u00bb button_two_border_width__hover_enabled=\u00bboff\u00bb button_border_color__hover_enabled=\u00bboff\u00bb button_one_border_color__hover_enabled=\u00bboff\u00bb button_two_border_color__hover_enabled=\u00bboff\u00bb button_border_radius__hover_enabled=\u00bboff\u00bb button_one_border_radius__hover_enabled=\u00bboff\u00bb button_two_border_radius__hover_enabled=\u00bboff\u00bb button_letter_spacing__hover_enabled=\u00bboff\u00bb button_one_letter_spacing__hover_enabled=\u00bboff\u00bb button_two_letter_spacing__hover_enabled=\u00bboff\u00bb button_bg_color__hover_enabled=\u00bboff\u00bb button_one_bg_color__hover_enabled=\u00bboff\u00bb button_two_bg_color__hover_enabled=\u00bboff\u00bb][\/et_pb_contact_field][et_pb_contact_field field_id=\u00bbMensaje\u00bb field_title=\u00bbMensaje\u00bb field_type=\u00bbtext\u00bb fullwidth_field=\u00bbon\u00bb _builder_version=\u00bb4.27.0&#8243; global_colors_info=\u00bb{}\u00bb button_text_size__hover_enabled=\u00bboff\u00bb button_one_text_size__hover_enabled=\u00bboff\u00bb button_two_text_size__hover_enabled=\u00bboff\u00bb button_text_color__hover_enabled=\u00bboff\u00bb button_one_text_color__hover_enabled=\u00bboff\u00bb button_two_text_color__hover_enabled=\u00bboff\u00bb button_border_width__hover_enabled=\u00bboff\u00bb button_one_border_width__hover_enabled=\u00bboff\u00bb button_two_border_width__hover_enabled=\u00bboff\u00bb button_border_color__hover_enabled=\u00bboff\u00bb button_one_border_color__hover_enabled=\u00bboff\u00bb button_two_border_color__hover_enabled=\u00bboff\u00bb button_border_radius__hover_enabled=\u00bboff\u00bb button_one_border_radius__hover_enabled=\u00bboff\u00bb button_two_border_radius__hover_enabled=\u00bboff\u00bb button_letter_spacing__hover_enabled=\u00bboff\u00bb button_one_letter_spacing__hover_enabled=\u00bboff\u00bb button_two_letter_spacing__hover_enabled=\u00bboff\u00bb button_bg_color__hover_enabled=\u00bboff\u00bb button_one_bg_color__hover_enabled=\u00bboff\u00bb button_two_bg_color__hover_enabled=\u00bboff\u00bb][\/et_pb_contact_field][\/et_pb_contact_form][\/et_pb_column][\/et_pb_row][et_pb_row _builder_version=\u00bb4.25.2&#8243; _module_preset=\u00bb1558413a-cabc-43ae-aee1-915e11673859&#8243; global_colors_info=\u00bb{}\u00bb][et_pb_column type=\u00bb4_4&#8243; _builder_version=\u00bb4.25.2&#8243; _module_preset=\u00bbdefault\u00bb global_colors_info=\u00bb{}\u00bb][et_pb_code _builder_version=\u00bb4.27.0&#8243; _module_preset=\u00bbdefault\u00bb global_colors_info=\u00bb{}\u00bb]<iframe src=\"https:\/\/www.google.com\/maps\/embed?pb=!1m18!1m12!1m3!1d3966.4823101705674!2d-75.57487057126667!3d6.199922754601069!2m3!1f0!2f0!3f0!3m2!1i1024!2i768!4f13.1!3m3!1m2!1s0x8e44282c7463d30d%3A0x42307cc5304ee5ab!2sTinkko%20Coworking%20%26%20Flex%20Office%20-%20Milla%20de%20Oro%2C%20Medell%C3%ADn!5e0!3m2!1ses-419!2sco!4v1725051240635!5m2!1ses-419!2sco\" width=\"100%\" height=\"600\" style=\"border:0;\" allowfullscreen=\"\" loading=\"lazy\" referrerpolicy=\"no-referrer-when-downgrade\"><\/iframe>[\/et_pb_code][\/et_pb_column][\/et_pb_row][\/et_pb_section]\n","protected":false},"excerpt":{"rendered":"<p>Estamos disponibles para ayudarle con todas sus necesidades de compra y venta de casa de principio a fin. \u00a1P\u00f3ngase en contacto con nosotros para sus necesidades de bienes ra\u00edces, y esperamos construir una relaci\u00f3n duradera con usted!Medell\u00edn &#8211; Colombia(604) 444 74 17ventas@arrendasoft.co<\/p>\n","protected":false},"author":1,"featured_media":0,"parent":0,"menu_order":0,"comment_status":"closed","ping_status":"closed","template":"","meta":{"_et_pb_use_builder":"on","_et_pb_old_content":"","_et_gb_content_width":"","footnotes":""},"class_list":["post-12","page","type-page","status-publish","hentry"],"_links":{"self":[{"href":"https:\/\/grupoinmoweb.nuby.app\/index.php?rest_route=\/wp\/v2\/pages\/12","targetHints":{"allow":["GET"]}}],"collection":[{"href":"https:\/\/grupoinmoweb.nuby.app\/index.php?rest_route=\/wp\/v2\/pages"}],"about":[{"href":"https:\/\/grupoinmoweb.nuby.app\/index.php?rest_route=\/wp\/v2\/types\/page"}],"author":[{"embeddable":true,"href":"https:\/\/grupoinmoweb.nuby.app\/index.php?rest_route=\/wp\/v2\/users\/1"}],"replies":[{"embeddable":true,"href":"https:\/\/grupoinmoweb.nuby.app\/index.php?rest_route=%2Fwp%2Fv2%2Fcomments&post=12"}],"version-history":[{"count":6,"href":"https:\/\/grupoinmoweb.nuby.app\/index.php?rest_route=\/wp\/v2\/pages\/12\/revisions"}],"predecessor-version":[{"id":293,"href":"https:\/\/grupoinmoweb.nuby.app\/index.php?rest_route=\/wp\/v2\/pages\/12\/revisions\/293"}],"wp:attachment":[{"href":"https:\/\/grupoinmoweb.nuby.app\/index.php?rest_route=%2Fwp%2Fv2%2Fmedia&parent=12"}],"curies":[{"name":"wp","href":"https:\/\/api.w.org\/{rel}","templated":true}]}}