{"id":8,"date":"2024-08-08T16:39:46","date_gmt":"2024-08-08T16:39:46","guid":{"rendered":"https:\/\/plantilla-7.arrendasoft.co\/?page_id=8"},"modified":"2025-04-08T15:42:53","modified_gmt":"2025-04-08T15:42:53","slug":"nosotros","status":"publish","type":"page","link":"https:\/\/grupoinmoweb.nuby.app\/?page_id=8","title":{"rendered":"Nosotros"},"content":{"rendered":"<p>[et_pb_section fb_built=\u00bb1&#8243; admin_label=\u00bbHeader\u00bb _builder_version=\u00bb4.25.2&#8243; _module_preset=\u00bbdefault\u00bb background_enable_color=\u00bboff\u00bb custom_padding=\u00bb||2px|||\u00bb locked=\u00bboff\u00bb global_colors_info=\u00bb{%22gcid-b6c4f12c-f25d-4f61-9fb1-6e96404634cd%22:%91%22background_color%22%93}\u00bb][et_pb_row _builder_version=\u00bb4.26.0&#8243; _module_preset=\u00bb1558413a-cabc-43ae-aee1-915e11673859&#8243; global_colors_info=\u00bb{}\u00bb][et_pb_column type=\u00bb4_4&#8243; _builder_version=\u00bb4.25.2&#8243; _module_preset=\u00bbdefault\u00bb global_colors_info=\u00bb{}\u00bb][et_pb_heading title=\u00bbAcerca de\u00bb _builder_version=\u00bb4.27.0&#8243; _module_preset=\u00bb119be2d5-1767-41cf-b4e2-2f68ae14059b\u00bb title_text_color=\u00bbgcid-secondary-color\u00bb global_colors_info=\u00bb{%22gcid-secondary-color%22:%91%22title_text_color%22%93}\u00bb][\/et_pb_heading][et_pb_heading title=\u00bbInmobiliaria nuby\u00bb _builder_version=\u00bb4.26.0&#8243; _module_preset=\u00bb90e142ce-bc18-4c52-8803-8f57fece6c4f\u00bb custom_margin=\u00bb||10px||false|false\u00bb global_colors_info=\u00bb{}\u00bb][\/et_pb_heading][\/et_pb_column][\/et_pb_row][et_pb_row column_structure=\u00bb3_5,2_5&#8243; _builder_version=\u00bb4.27.0&#8243; _module_preset=\u00bb1558413a-cabc-43ae-aee1-915e11673859&#8243; module_alignment=\u00bbcenter\u00bb custom_padding=\u00bb34px|||||\u00bb global_colors_info=\u00bb{}\u00bb][et_pb_column type=\u00bb3_5&#8243; _builder_version=\u00bb4.25.2&#8243; _module_preset=\u00bbdefault\u00bb global_colors_info=\u00bb{}\u00bb][et_pb_text _builder_version=\u00bb4.27.0&#8243; _module_preset=\u00bbbdb43048-1d93-4e2d-9aec-4a1d8af54ddc\u00bb custom_margin=\u00bb80px||||false|false\u00bb global_colors_info=\u00bb{}\u00bb]<\/p>\n<p>En Inmobiliaria Arrendasoft, nos especializamos en ofrecer soluciones personalizadas para satisfacer todas tus necesidades inmobiliarias, ya sea que est\u00e9s buscando comprar, vender, alquilar o consignar una propiedad. Con a\u00f1os de experiencia en el mercado, hemos construido una reputaci\u00f3n basada en la confianza, la transparencia y la dedicaci\u00f3n a nuestros clientes.<\/p>\n<p>[\/et_pb_text][\/et_pb_column][et_pb_column type=\u00bb2_5&#8243; _builder_version=\u00bb4.25.2&#8243; _module_preset=\u00bbdefault\u00bb global_colors_info=\u00bb{}\u00bb][et_pb_image src=\u00bbhttps:\/\/plantilla-7.arrendasoft.co\/wp-content\/uploads\/2024\/08\/half-breed-girl-holding-a-magnifying-glass-to-loo-2023-11-27-05-14-45-utc.jpg\u00bb title_text=\u00bbHalf-breed girl, holding a magnifying glass to look at a house model, concept of home inspection before buying a house and land\u00bb _builder_version=\u00bb4.27.0&#8243; _module_preset=\u00bbdefault\u00bb global_colors_info=\u00bb{}\u00bb][\/et_pb_image][\/et_pb_column][\/et_pb_row][\/et_pb_section][et_pb_section fb_built=\u00bb1&#8243; admin_label=\u00bbStats\u00bb _builder_version=\u00bb4.27.0&#8243; _module_preset=\u00bbdefault\u00bb background_color=\u00bb#f4f4f4&#8243; custom_padding=\u00bb70px||60px|||\u00bb locked=\u00bboff\u00bb global_colors_info=\u00bb{}\u00bb][et_pb_row _builder_version=\u00bb4.25.2&#8243; _module_preset=\u00bb1558413a-cabc-43ae-aee1-915e11673859&#8243; custom_margin=\u00bb-25px|auto||auto||\u00bb custom_padding=\u00bb2px||0px|||\u00bb global_colors_info=\u00bb{}\u00bb][et_pb_column type=\u00bb4_4&#8243; _builder_version=\u00bb4.25.2&#8243; _module_preset=\u00bbdefault\u00bb global_colors_info=\u00bb{}\u00bb][et_pb_heading title=\u00bbQu\u00e9 hacemos\u00bb _builder_version=\u00bb4.27.0&#8243; _module_preset=\u00bb119be2d5-1767-41cf-b4e2-2f68ae14059b\u00bb title_text_color=\u00bbgcid-secondary-color\u00bb global_colors_info=\u00bb{%22gcid-secondary-color%22:%91%22title_text_color%22%93}\u00bb][\/et_pb_heading][et_pb_heading title=\u00bbNuestro Enfoque\u00bb _builder_version=\u00bb4.26.0&#8243; _module_preset=\u00bb4eb153cd-eac9-4d3a-9bc5-a7e8c06029b6&#8243; max_width=\u00bb900px\u00bb custom_margin=\u00bb||10px||false|false\u00bb global_colors_info=\u00bb{}\u00bb][\/et_pb_heading][\/et_pb_column][\/et_pb_row][et_pb_row column_structure=\u00bb1_2,1_2&#8243; _builder_version=\u00bb4.25.2&#8243; _module_preset=\u00bb1558413a-cabc-43ae-aee1-915e11673859&#8243; global_colors_info=\u00bb{}\u00bb][et_pb_column type=\u00bb1_2&#8243; _builder_version=\u00bb4.25.2&#8243; _module_preset=\u00bbdefault\u00bb global_colors_info=\u00bb{}\u00bb][et_pb_text _builder_version=\u00bb4.25.2&#8243; _module_preset=\u00bbbdb43048-1d93-4e2d-9aec-4a1d8af54ddc\u00bb custom_margin=\u00bb||||false|false\u00bb global_colors_info=\u00bb{}\u00bb]<\/p>\n<p>Nos diferenciamos por nuestro enfoque personalizado y nuestra atenci\u00f3n al detalle. Entendemos que cada cliente es \u00fanico, y por eso trabajamos de la mano contigo para entender tus necesidades y ofrecerte soluciones a medida. Nuestro equipo est\u00e1 compuesto por expertos en el mercado local, lo que nos permite ofrecerte una visi\u00f3n clara y precisa de las tendencias y oportunidades.<\/p>\n<p>&nbsp;<\/p>\n<p>[\/et_pb_text][et_pb_button button_text=\u00bbChatea con un experto\u00bb _builder_version=\u00bb4.27.0&#8243; _module_preset=\u00bb4ee62d4e-7779-49dc-a319-a6aaae07e4a8&#8243; global_colors_info=\u00bb{}\u00bb][\/et_pb_button][\/et_pb_column][et_pb_column type=\u00bb1_2&#8243; _builder_version=\u00bb4.25.2&#8243; _module_preset=\u00bbdefault\u00bb global_colors_info=\u00bb{}\u00bb][et_pb_number_counter title=\u00bbClientes Satisfechos\u00bb number=\u00bb235&#8243; _builder_version=\u00bb4.27.0&#8243; _module_preset=\u00bbc18f68da-a1d9-4cf4-9dcd-ab072f2deb24&#8243; locked=\u00bboff\u00bb global_colors_info=\u00bb{%22gcid-2bb820f4-8993-4899-8850-c73e9c1e988e%22:%91%22border_color_top%22%93}\u00bb][\/et_pb_number_counter][et_pb_number_counter title=\u00bbPropiedades Disponibles\u00bb number=\u00bb120&#8243; _builder_version=\u00bb4.27.0&#8243; _module_preset=\u00bbc18f68da-a1d9-4cf4-9dcd-ab072f2deb24&#8243; locked=\u00bboff\u00bb global_colors_info=\u00bb{%22gcid-53054839-b83d-4ef0-8659-8a010e6148fd%22:%91%22title_text_color%22%93}\u00bb][\/et_pb_number_counter][\/et_pb_column][\/et_pb_row][\/et_pb_section][et_pb_section fb_built=\u00bb1&#8243; admin_label=\u00bbTeam\u00bb _builder_version=\u00bb4.25.2&#8243; _module_preset=\u00bbdefault\u00bb background_enable_color=\u00bboff\u00bb custom_padding=\u00bb40px|||||\u00bb locked=\u00bboff\u00bb global_colors_info=\u00bb{%22gcid-b6c4f12c-f25d-4f61-9fb1-6e96404634cd%22:%91%22background_color%22%93}\u00bb][et_pb_row _builder_version=\u00bb4.25.2&#8243; _module_preset=\u00bb1558413a-cabc-43ae-aee1-915e11673859&#8243; global_colors_info=\u00bb{}\u00bb][et_pb_column type=\u00bb4_4&#8243; _builder_version=\u00bb4.25.2&#8243; _module_preset=\u00bbdefault\u00bb global_colors_info=\u00bb{}\u00bb][et_pb_heading title=\u00bbEquipo\u00bb _builder_version=\u00bb4.27.0&#8243; _module_preset=\u00bb119be2d5-1767-41cf-b4e2-2f68ae14059b\u00bb title_text_color=\u00bbgcid-secondary-color\u00bb custom_margin=\u00bb||30px||false|false\u00bb global_colors_info=\u00bb{%22gcid-secondary-color%22:%91%22title_text_color%22%93}\u00bb][\/et_pb_heading][et_pb_heading title=\u00bbConozca a nuestros agentes\u00bb _builder_version=\u00bb4.26.0&#8243; _module_preset=\u00bb4eb153cd-eac9-4d3a-9bc5-a7e8c06029b6&#8243; custom_margin=\u00bb||10px||false|false\u00bb global_colors_info=\u00bb{}\u00bb][\/et_pb_heading][\/et_pb_column][\/et_pb_row][et_pb_row column_structure=\u00bb1_4,3_4&#8243; _builder_version=\u00bb4.25.2&#8243; _module_preset=\u00bb1558413a-cabc-43ae-aee1-915e11673859&#8243; global_colors_info=\u00bb{}\u00bb][et_pb_column type=\u00bb1_4&#8243; _builder_version=\u00bb4.25.2&#8243; _module_preset=\u00bbdefault\u00bb global_colors_info=\u00bb{}\u00bb][et_pb_image src=\u00bbhttps:\/\/plantilla-7.arrendasoft.co\/wp-content\/uploads\/2024\/08\/agente1.jpg\u00bb title_text=\u00bbReal estate agent portrait in the office\u00bb _builder_version=\u00bb4.27.0&#8243; _module_preset=\u00bbf277531a-beb3-4fd4-98e6-154fd3e4c49b\u00bb global_colors_info=\u00bb{}\u00bb][\/et_pb_image][\/et_pb_column][et_pb_column type=\u00bb3_4&#8243; _builder_version=\u00bb4.25.2&#8243; _module_preset=\u00bbdefault\u00bb global_colors_info=\u00bb{}\u00bb][et_pb_heading title=\u00bbNombre del agente\u00bb _builder_version=\u00bb4.27.0&#8243; _module_preset=\u00bbd507e87e-d767-450b-aa6d-57138b69d40f\u00bb global_colors_info=\u00bb{}\u00bb][\/et_pb_heading][et_pb_text _builder_version=\u00bb4.25.2&#8243; _module_preset=\u00bbbdb43048-1d93-4e2d-9aec-4a1d8af54ddc\u00bb global_colors_info=\u00bb{}\u00bb]<\/p>\n<p><span>\u00abLorem ipsum dolor sit amet, consectetur adipiscing elit, sed do eiusmod tempor incididunt ut labore et dolore magna aliqua. Ut enim ad minim veniam, quis nostrud exercitation ullamco laboris nisi ut aliquip ex ea commodo consequat. Duis aute irure dolor in reprehenderit in voluptate velit esse cillum dolore eu fugiat nulla pariatur. Excepteur sint occaecat cupidatat non proident, sunt in culpa qui officia deserunt mollit anim id est laborum.\u00bb<\/span><\/p>\n<p>[\/et_pb_text][et_pb_heading title=\u00bb(604)-444 74 17&#8243; _builder_version=\u00bb4.26.0&#8243; _module_preset=\u00bb119be2d5-1767-41cf-b4e2-2f68ae14059b\u00bb custom_margin=\u00bb||0px||false|false\u00bb global_colors_info=\u00bb{}\u00bb][\/et_pb_heading][et_pb_heading title=\u00bbVENTAS@ARRENDASOFT.CO\u00bb _builder_version=\u00bb4.25.2&#8243; _module_preset=\u00bb119be2d5-1767-41cf-b4e2-2f68ae14059b\u00bb custom_margin=\u00bb||0px||false|false\u00bb global_colors_info=\u00bb{}\u00bb][\/et_pb_heading][et_pb_heading _builder_version=\u00bb4.25.2&#8243; _module_preset=\u00bb119be2d5-1767-41cf-b4e2-2f68ae14059b\u00bb global_colors_info=\u00bb{}\u00bb][\/et_pb_heading][\/et_pb_column][\/et_pb_row][et_pb_row column_structure=\u00bb1_4,3_4&#8243; _builder_version=\u00bb4.25.2&#8243; _module_preset=\u00bb1558413a-cabc-43ae-aee1-915e11673859&#8243; global_colors_info=\u00bb{}\u00bb][et_pb_column type=\u00bb1_4&#8243; _builder_version=\u00bb4.25.2&#8243; _module_preset=\u00bbdefault\u00bb global_colors_info=\u00bb{}\u00bb][et_pb_image src=\u00bbhttps:\/\/plantilla-7.arrendasoft.co\/wp-content\/uploads\/2024\/08\/agente2.jpg\u00bb title_text=\u00bbPortrait Of Smiling Real Estate Agent Holding And Showing Key\u00bb _builder_version=\u00bb4.27.0&#8243; _module_preset=\u00bbf277531a-beb3-4fd4-98e6-154fd3e4c49b\u00bb global_colors_info=\u00bb{}\u00bb][\/et_pb_image][\/et_pb_column][et_pb_column type=\u00bb3_4&#8243; _builder_version=\u00bb4.25.2&#8243; _module_preset=\u00bbdefault\u00bb global_colors_info=\u00bb{}\u00bb][et_pb_heading title=\u00bbNombre del agente\u00bb _builder_version=\u00bb4.25.2&#8243; _module_preset=\u00bbd507e87e-d767-450b-aa6d-57138b69d40f\u00bb global_colors_info=\u00bb{}\u00bb][\/et_pb_heading][et_pb_text _builder_version=\u00bb4.25.2&#8243; _module_preset=\u00bbbdb43048-1d93-4e2d-9aec-4a1d8af54ddc\u00bb global_colors_info=\u00bb{}\u00bb]<\/p>\n<p><span>\u00abLorem ipsum dolor sit amet, consectetur adipiscing elit, sed do eiusmod tempor incididunt ut labore et dolore magna aliqua. Ut enim ad minim veniam, quis nostrud exercitation ullamco laboris nisi ut aliquip ex ea commodo consequat. Duis aute irure dolor in reprehenderit in voluptate velit esse cillum dolore eu fugiat nulla pariatur. Excepteur sint occaecat cupidatat non proident, sunt in culpa qui officia deserunt mollit anim id est laborum.\u00bb<\/span><\/p>\n<p>[\/et_pb_text][et_pb_heading title=\u00bb(604)-444 74 17&#8243; _builder_version=\u00bb4.25.2&#8243; _module_preset=\u00bb119be2d5-1767-41cf-b4e2-2f68ae14059b\u00bb custom_margin=\u00bb||0px||false|false\u00bb global_colors_info=\u00bb{}\u00bb][\/et_pb_heading][et_pb_heading title=\u00bbVENTAS@ARRENDASOFT.CO\u00bb _builder_version=\u00bb4.25.2&#8243; _module_preset=\u00bb119be2d5-1767-41cf-b4e2-2f68ae14059b\u00bb custom_margin=\u00bb||0px||false|false\u00bb global_colors_info=\u00bb{}\u00bb][\/et_pb_heading][et_pb_heading _builder_version=\u00bb4.25.2&#8243; _module_preset=\u00bb119be2d5-1767-41cf-b4e2-2f68ae14059b\u00bb global_colors_info=\u00bb{}\u00bb][\/et_pb_heading][\/et_pb_column][\/et_pb_row][et_pb_row column_structure=\u00bb1_4,3_4&#8243; _builder_version=\u00bb4.25.2&#8243; _module_preset=\u00bb1558413a-cabc-43ae-aee1-915e11673859&#8243; global_colors_info=\u00bb{}\u00bb][et_pb_column type=\u00bb1_4&#8243; _builder_version=\u00bb4.25.2&#8243; _module_preset=\u00bbdefault\u00bb global_colors_info=\u00bb{}\u00bb][et_pb_image src=\u00bbhttps:\/\/plantilla-7.arrendasoft.co\/wp-content\/uploads\/2024\/08\/agente3-1.jpg\u00bb title_text=\u00bbPortrait Of Smiling Real Estate Agent Holding And Showing Key\u00bb _builder_version=\u00bb4.27.0&#8243; _module_preset=\u00bbf277531a-beb3-4fd4-98e6-154fd3e4c49b\u00bb global_colors_info=\u00bb{}\u00bb][\/et_pb_image][\/et_pb_column][et_pb_column type=\u00bb3_4&#8243; _builder_version=\u00bb4.25.2&#8243; _module_preset=\u00bbdefault\u00bb global_colors_info=\u00bb{}\u00bb][et_pb_heading title=\u00bbNombre del agente\u00bb _builder_version=\u00bb4.25.2&#8243; _module_preset=\u00bbd507e87e-d767-450b-aa6d-57138b69d40f\u00bb global_colors_info=\u00bb{}\u00bb][\/et_pb_heading][et_pb_text _builder_version=\u00bb4.25.2&#8243; _module_preset=\u00bbbdb43048-1d93-4e2d-9aec-4a1d8af54ddc\u00bb global_colors_info=\u00bb{}\u00bb]<\/p>\n<p><span>\u00abLorem ipsum dolor sit amet, consectetur adipiscing elit, sed do eiusmod tempor incididunt ut labore et dolore magna aliqua. Ut enim ad minim veniam, quis nostrud exercitation ullamco laboris nisi ut aliquip ex ea commodo consequat. Duis aute irure dolor in reprehenderit in voluptate velit esse cillum dolore eu fugiat nulla pariatur. Excepteur sint occaecat cupidatat non proident, sunt in culpa qui officia deserunt mollit anim id est laborum.\u00bb<\/span><\/p>\n<p>[\/et_pb_text][et_pb_heading title=\u00bb(604)-444 74 17&#8243; _builder_version=\u00bb4.25.2&#8243; _module_preset=\u00bb119be2d5-1767-41cf-b4e2-2f68ae14059b\u00bb custom_margin=\u00bb||0px||false|false\u00bb global_colors_info=\u00bb{}\u00bb][\/et_pb_heading][et_pb_heading title=\u00bbVENTAS@ARRENDASOFT.CO\u00bb _builder_version=\u00bb4.25.2&#8243; _module_preset=\u00bb119be2d5-1767-41cf-b4e2-2f68ae14059b\u00bb custom_margin=\u00bb||0px||false|false\u00bb global_colors_info=\u00bb{}\u00bb][\/et_pb_heading][et_pb_heading _builder_version=\u00bb4.25.2&#8243; _module_preset=\u00bb119be2d5-1767-41cf-b4e2-2f68ae14059b\u00bb global_colors_info=\u00bb{}\u00bb][\/et_pb_heading][\/et_pb_column][\/et_pb_row][\/et_pb_section][et_pb_section fb_built=\u00bb1&#8243; admin_label=\u00bbCall To Action\u00bb _builder_version=\u00bb4.26.0&#8243; _module_preset=\u00bbb4c851ce-d31f-4e82-b3fe-3f8f505f891a\u00bb locked=\u00bboff\u00bb global_colors_info=\u00bb{%22gcid-b6c4f12c-f25d-4f61-9fb1-6e96404634cd%22:%91%22background_color%22%93}\u00bb][et_pb_row _builder_version=\u00bb4.26.0&#8243; _module_preset=\u00bbdefault\u00bb max_width=\u00bb900px\u00bb locked=\u00bboff\u00bb global_colors_info=\u00bb{}\u00bb][et_pb_column type=\u00bb4_4&#8243; _builder_version=\u00bb4.25.2&#8243; _module_preset=\u00bbdefault\u00bb global_colors_info=\u00bb{}\u00bb][et_pb_heading title=\u00bb\u00bfBusca un agente?\u00bb _builder_version=\u00bb4.27.0&#8243; _module_preset=\u00bb119be2d5-1767-41cf-b4e2-2f68ae14059b\u00bb title_text_align=\u00bbcenter\u00bb title_text_color=\u00bbgcid-secondary-color\u00bb locked=\u00bboff\u00bb global_colors_info=\u00bb{%22gcid-secondary-color%22:%91%22title_text_color%22%93}\u00bb][\/et_pb_heading][et_pb_heading title=\u00bbDeje que nos ocupemos de los detalles para que pueda vivir su mejor vida.\u00bb _builder_version=\u00bb4.26.0&#8243; _module_preset=\u00bb4eb153cd-eac9-4d3a-9bc5-a7e8c06029b6&#8243; title_text_align=\u00bbcenter\u00bb max_width=\u00bb900px\u00bb module_alignment=\u00bbcenter\u00bb locked=\u00bboff\u00bb global_colors_info=\u00bb{}\u00bb][\/et_pb_heading][et_pb_button button_text=\u00bbBuscar agente\u00bb button_alignment=\u00bbcenter\u00bb _builder_version=\u00bb4.27.0&#8243; _module_preset=\u00bb84dde62d-71b5-4131-9dda-f9d54e317594&#8243; locked=\u00bboff\u00bb global_colors_info=\u00bb{}\u00bb][\/et_pb_button][\/et_pb_column][\/et_pb_row][\/et_pb_section]<\/p>\n","protected":false},"excerpt":{"rendered":"<p>En Inmobiliaria Arrendasoft, nos especializamos en ofrecer soluciones personalizadas para satisfacer todas tus necesidades inmobiliarias, ya sea que est\u00e9s buscando comprar, vender, alquilar o consignar una propiedad. Con a\u00f1os de experiencia en el mercado, hemos construido una reputaci\u00f3n basada en la confianza, la transparencia y la dedicaci\u00f3n a nuestros clientes.Nos diferenciamos por nuestro enfoque personalizado [&hellip;]<\/p>\n","protected":false},"author":1,"featured_media":0,"parent":0,"menu_order":0,"comment_status":"closed","ping_status":"closed","template":"","meta":{"_et_pb_use_builder":"on","_et_pb_old_content":"","_et_gb_content_width":"","footnotes":""},"class_list":["post-8","page","type-page","status-publish","hentry"],"_links":{"self":[{"href":"https:\/\/grupoinmoweb.nuby.app\/index.php?rest_route=\/wp\/v2\/pages\/8","targetHints":{"allow":["GET"]}}],"collection":[{"href":"https:\/\/grupoinmoweb.nuby.app\/index.php?rest_route=\/wp\/v2\/pages"}],"about":[{"href":"https:\/\/grupoinmoweb.nuby.app\/index.php?rest_route=\/wp\/v2\/types\/page"}],"author":[{"embeddable":true,"href":"https:\/\/grupoinmoweb.nuby.app\/index.php?rest_route=\/wp\/v2\/users\/1"}],"replies":[{"embeddable":true,"href":"https:\/\/grupoinmoweb.nuby.app\/index.php?rest_route=%2Fwp%2Fv2%2Fcomments&post=8"}],"version-history":[{"count":9,"href":"https:\/\/grupoinmoweb.nuby.app\/index.php?rest_route=\/wp\/v2\/pages\/8\/revisions"}],"predecessor-version":[{"id":452,"href":"https:\/\/grupoinmoweb.nuby.app\/index.php?rest_route=\/wp\/v2\/pages\/8\/revisions\/452"}],"wp:attachment":[{"href":"https:\/\/grupoinmoweb.nuby.app\/index.php?rest_route=%2Fwp%2Fv2%2Fmedia&parent=8"}],"curies":[{"name":"wp","href":"https:\/\/api.w.org\/{rel}","templated":true}]}}